{"id":155,"date":"2016-08-24T11:24:23","date_gmt":"2016-08-24T09:24:23","guid":{"rendered":"http:\/\/w0178a3d.kasserver.com\/siegfried-koeln.de\/?page_id=155"},"modified":"2019-07-15T10:59:52","modified_gmt":"2019-07-15T08:59:52","slug":"gebrauchtmaschinen-4","status":"publish","type":"page","link":"https:\/\/siegfried-koeln.de\/index.php\/gebrauchtmaschinen-4\/","title":{"rendered":"Gro\u00dfk\u00fcchen-Ger\u00e4te"},"content":{"rendered":"\n<style type=\"text\/css\" data-created_by=\"avia_inline_auto\" id=\"style-css-av-av_one_full-6126cab7d8fab8d08143dd2dacdf673c\">\n.flex_column.av-av_one_full-6126cab7d8fab8d08143dd2dacdf673c{\nborder-radius:0px 0px 0px 0px;\npadding:0px 0px 0px 0px;\n}\n<\/style>\n<div  class='flex_column av-av_one_full-6126cab7d8fab8d08143dd2dacdf673c av_one_full  avia-builder-el-0  el_before_av_one_half  avia-builder-el-first  first flex_column_div av-zero-column-padding  '     ><p>\n<style type=\"text\/css\" data-created_by=\"avia_inline_auto\" id=\"style-css-av-av_heading-da2a67d25c1d8c854bce23be9b1c3bd2\">\n#top .av-special-heading.av-av_heading-da2a67d25c1d8c854bce23be9b1c3bd2{\npadding-bottom:0;\n}\nbody .av-special-heading.av-av_heading-da2a67d25c1d8c854bce23be9b1c3bd2 .av-special-heading-tag .heading-char{\nfont-size:25px;\n}\n.av-special-heading.av-av_heading-da2a67d25c1d8c854bce23be9b1c3bd2 .av-subheading{\nfont-size:15px;\n}\n<\/style>\n<div  class='av-special-heading av-av_heading-da2a67d25c1d8c854bce23be9b1c3bd2 av-special-heading-h1 blockquote modern-quote modern-centered  avia-builder-el-1  el_before_av_hr  avia-builder-el-first '><h1 class='av-special-heading-tag '  itemprop=\"headline\"  >Gro\u00dfk\u00fcchen-Ger\u00e4te<\/h1><div class='av-subheading av-subheading_below'><p>Nachstehend pr\u00e4sentieren wir ihnen die Sortimente unserer Partner im Bereich Gro\u00dfk\u00fcchen-Ger\u00e4te.<\/p>\n<p>Gerne unterbreiten wir ihnen ihr individuelles Angebot mit attraktiven Rabatten. Schreiben sie uns einfach eine Nachricht \u00fcber unser Kontaktformular oder rufen sie uns an unter 02203\/980070, wir beraten sie gerne.<\/p>\n<p>Um eine schnellstm\u00f6gliche Bearbeitung gew\u00e4hrleisten zu k\u00f6nnen, notieren sie bitte die genaue Artikelbezeichnung und Artikelnummer.<\/p>\n<\/div><div class=\"special-heading-border\"><div class=\"special-heading-inner-border\"><\/div><\/div><\/div><br \/>\n<div  class='hr av-av_hr-03c70ab144ce862e8026e930982042c5 hr-full  avia-builder-el-2  el_after_av_heading  avia-builder-el-last  hr-shadow'><span class='hr-inner '><span class=\"hr-inner-style\"><\/span><\/span><\/div><\/p><\/div>\n\n<style type=\"text\/css\" data-created_by=\"avia_inline_auto\" id=\"style-css-av-av_one_half-6126cab7d8fab8d08143dd2dacdf673c\">\n.flex_column.av-av_one_half-6126cab7d8fab8d08143dd2dacdf673c{\nborder-radius:0px 0px 0px 0px;\npadding:0px 0px 0px 0px;\n}\n<\/style>\n<div  class='flex_column av-av_one_half-6126cab7d8fab8d08143dd2dacdf673c av_one_half  avia-builder-el-3  el_after_av_one_full  el_before_av_one_half  first flex_column_div av-zero-column-padding  column-top-margin'     ><div  class='av_promobox av-av_promobox-bc65ffbd08790128176f8b8c1f581f84 avia-button-yes  avia-builder-el-4  avia-builder-el-no-sibling '><div class='avia-promocontent'><p>\n<strong>Bartscher Gro\u00dfk\u00fcchen-ger\u00e4te<br \/>\n<\/strong><\/p>\n<\/div><div  class='avia-button-wrap av-av_button-2b9b77a062d1d8c61d2d267a6b81e318-wrap avia-button-right '><a href='http:\/\/siegfried-koeln.de\/siegfried\/wp-content\/uploads\/2019\/07\/Bartscher-Katalog-2019.pdf'  class='avia-button av-av_button-2b9b77a062d1d8c61d2d267a6b81e318 av-link-btn avia-icon_select-no avia-size-large avia-position-right avia-color-theme-color'   aria-label=\"zum Katalog\"><span class='avia_iconbox_title' >zum Katalog<\/span><\/a><\/div><\/div><\/div>\n<style type=\"text\/css\" data-created_by=\"avia_inline_auto\" id=\"style-css-av-av_one_half-0aa7055fe62c3622faec82866afbaeb2\">\n.flex_column.av-av_one_half-0aa7055fe62c3622faec82866afbaeb2{\nborder-radius:0px 0px 0px 0px;\npadding:0px 0px 0px 0px;\n}\n<\/style>\n<div  class='flex_column av-av_one_half-0aa7055fe62c3622faec82866afbaeb2 av_one_half  avia-builder-el-5  el_after_av_one_half  el_before_av_one_half  flex_column_div av-zero-column-padding  column-top-margin'     ><div  class='av_promobox av-av_promobox-2b4387bcdb33dc9d121f72a46f7c0e76 avia-button-yes  avia-builder-el-6  avia-builder-el-no-sibling '><div class='avia-promocontent'><p>\n<strong>Neum\u00e4rker Gro\u00dfk\u00fcchen-Ger\u00e4te<br \/>\n<\/strong><\/p>\n<\/div><div  class='avia-button-wrap av-av_button-03f8e09e927ea15ea1f1077c42512334-wrap avia-button-right '><a href='http:\/\/siegfried-koeln.de\/siegfried\/wp-content\/uploads\/2016\/08\/Neum\u00e4rker-Katalog-2016.pdf'  class='avia-button av-av_button-03f8e09e927ea15ea1f1077c42512334 av-link-btn avia-icon_select-no avia-size-large avia-position-right avia-color-theme-color'   aria-label=\"zum Katalog\"><span class='avia_iconbox_title' >zum Katalog<\/span><\/a><\/div><\/div><\/div><\/p>\n\n<style type=\"text\/css\" data-created_by=\"avia_inline_auto\" id=\"style-css-av-av_one_half-6126cab7d8fab8d08143dd2dacdf673c\">\n.flex_column.av-av_one_half-6126cab7d8fab8d08143dd2dacdf673c{\nborder-radius:0px 0px 0px 0px;\npadding:0px 0px 0px 0px;\n}\n<\/style>\n<div  class='flex_column av-av_one_half-6126cab7d8fab8d08143dd2dacdf673c av_one_half  avia-builder-el-7  el_after_av_one_half  avia-builder-el-last  first flex_column_div av-zero-column-padding  column-top-margin'     ><\/div>\n","protected":false},"excerpt":{"rendered":"","protected":false},"author":2,"featured_media":0,"parent":0,"menu_order":0,"comment_status":"closed","ping_status":"closed","template":"","meta":{"footnotes":""},"class_list":["post-155","page","type-page","status-publish","hentry"],"_links":{"self":[{"href":"https:\/\/siegfried-koeln.de\/index.php\/wp-json\/wp\/v2\/pages\/155","targetHints":{"allow":["GET"]}}],"collection":[{"href":"https:\/\/siegfried-koeln.de\/index.php\/wp-json\/wp\/v2\/pages"}],"about":[{"href":"https:\/\/siegfried-koeln.de\/index.php\/wp-json\/wp\/v2\/types\/page"}],"author":[{"embeddable":true,"href":"https:\/\/siegfried-koeln.de\/index.php\/wp-json\/wp\/v2\/users\/2"}],"replies":[{"embeddable":true,"href":"https:\/\/siegfried-koeln.de\/index.php\/wp-json\/wp\/v2\/comments?post=155"}],"version-history":[{"count":15,"href":"https:\/\/siegfried-koeln.de\/index.php\/wp-json\/wp\/v2\/pages\/155\/revisions"}],"predecessor-version":[{"id":157,"href":"https:\/\/siegfried-koeln.de\/index.php\/wp-json\/wp\/v2\/pages\/155\/revisions\/157"}],"wp:attachment":[{"href":"https:\/\/siegfried-koeln.de\/index.php\/wp-json\/wp\/v2\/media?parent=155"}],"curies":[{"name":"wp","href":"https:\/\/api.w.org\/{rel}","templated":true}]}}