{"id":205,"date":"2016-08-24T11:29:04","date_gmt":"2016-08-24T09:29:04","guid":{"rendered":"http:\/\/w0178a3d.kasserver.com\/siegfried-koeln.de\/?page_id=205"},"modified":"2016-08-24T15:43:01","modified_gmt":"2016-08-24T13:43:01","slug":"gebrauchtmaschinen-2-4","status":"publish","type":"page","link":"https:\/\/siegfried-koeln.de\/index.php\/gebrauchtmaschinen-2-4\/","title":{"rendered":"Messer \/ Schneidwerkzeuge"},"content":{"rendered":"\n<style type=\"text\/css\" data-created_by=\"avia_inline_auto\" id=\"style-css-av-av_one_full-6126cab7d8fab8d08143dd2dacdf673c\">\n.flex_column.av-av_one_full-6126cab7d8fab8d08143dd2dacdf673c{\nborder-radius:0px 0px 0px 0px;\npadding:0px 0px 0px 0px;\n}\n<\/style>\n<div  class='flex_column av-av_one_full-6126cab7d8fab8d08143dd2dacdf673c av_one_full  avia-builder-el-0  el_before_av_one_half  avia-builder-el-first  first flex_column_div av-zero-column-padding  '     ><p>\n<style type=\"text\/css\" data-created_by=\"avia_inline_auto\" id=\"style-css-av-av_heading-0e3b26bb58bf8a82b5bf8aeeec178018\">\n#top .av-special-heading.av-av_heading-0e3b26bb58bf8a82b5bf8aeeec178018{\npadding-bottom:0;\n}\nbody .av-special-heading.av-av_heading-0e3b26bb58bf8a82b5bf8aeeec178018 .av-special-heading-tag .heading-char{\nfont-size:25px;\n}\n.av-special-heading.av-av_heading-0e3b26bb58bf8a82b5bf8aeeec178018 .av-subheading{\nfont-size:15px;\n}\n<\/style>\n<div  class='av-special-heading av-av_heading-0e3b26bb58bf8a82b5bf8aeeec178018 av-special-heading-h1 blockquote modern-quote modern-centered  avia-builder-el-1  el_before_av_hr  avia-builder-el-first '><h1 class='av-special-heading-tag '  itemprop=\"headline\"  >Messer \/ Schneidwerkzeuge<\/h1><div class='av-subheading av-subheading_below'><p>Nachstehend pr\u00e4sentieren wir ihnen die Sortimente unserer Partner im Bereich Messer \/ Schneidwerkzeuge.<\/p>\n<p>Gerne unterbreiten wir ihnen ihr individuelles Angebot mit attraktiven Rabatten. Schreiben sie uns einfach eine Nachricht \u00fcber unser Kontaktformular oder rufen sie uns an unter 02203\/980070, wir beraten sie gerne.<\/p>\n<p>Um eine schnellstm\u00f6gliche Bearbeitung gew\u00e4hrleisten zu k\u00f6nnen, notieren sie bitte die genaue Artikelbezeichnung und Artikelnummer.<\/p>\n<\/div><div class=\"special-heading-border\"><div class=\"special-heading-inner-border\"><\/div><\/div><\/div><br \/>\n<div  class='hr av-av_hr-03c70ab144ce862e8026e930982042c5 hr-full  avia-builder-el-2  el_after_av_heading  avia-builder-el-last  hr-shadow'><span class='hr-inner '><span class=\"hr-inner-style\"><\/span><\/span><\/div><\/p><\/div>\n\n<style type=\"text\/css\" data-created_by=\"avia_inline_auto\" id=\"style-css-av-av_one_half-6126cab7d8fab8d08143dd2dacdf673c\">\n.flex_column.av-av_one_half-6126cab7d8fab8d08143dd2dacdf673c{\nborder-radius:0px 0px 0px 0px;\npadding:0px 0px 0px 0px;\n}\n<\/style>\n<div  class='flex_column av-av_one_half-6126cab7d8fab8d08143dd2dacdf673c av_one_half  avia-builder-el-3  el_after_av_one_full  el_before_av_one_half  first flex_column_div av-zero-column-padding  column-top-margin'     ><div  class='av_promobox av-av_promobox-8604a29438d9a1b62494dcf853201fae avia-button-yes  avia-builder-el-4  avia-builder-el-no-sibling '><div class='avia-promocontent'><p>\n<strong>Dick Messer<br \/>\n<\/strong><\/p>\n<\/div><div  class='avia-button-wrap av-av_button-07b6b2803aa08326cc5b538e395eda37-wrap avia-button-right '><a href='http:\/\/siegfried-koeln.de\/siegfried\/wp-content\/uploads\/2016\/08\/Dick-Katalog-2016.pdf'  class='avia-button av-av_button-07b6b2803aa08326cc5b538e395eda37 av-link-btn avia-icon_select-no avia-size-large avia-position-right avia-color-theme-color'   aria-label=\"zum Katalog\"><span class='avia_iconbox_title' >zum Katalog<\/span><\/a><\/div><\/div><\/div>\n<style type=\"text\/css\" data-created_by=\"avia_inline_auto\" id=\"style-css-av-av_one_half-0aa7055fe62c3622faec82866afbaeb2\">\n.flex_column.av-av_one_half-0aa7055fe62c3622faec82866afbaeb2{\nborder-radius:0px 0px 0px 0px;\npadding:0px 0px 0px 0px;\n}\n<\/style>\n<div  class='flex_column av-av_one_half-0aa7055fe62c3622faec82866afbaeb2 av_one_half  avia-builder-el-5  el_after_av_one_half  el_before_av_one_half  flex_column_div av-zero-column-padding  column-top-margin'     ><div  class='av_promobox av-av_promobox-9e0cd7668cdd9332958ad3e34275afd6 avia-button-yes  avia-builder-el-6  avia-builder-el-no-sibling '><div class='avia-promocontent'><p>\n<strong>Giesser Messer<br \/>\n<\/strong><\/p>\n<\/div><div  class='avia-button-wrap av-av_button-d1247f297a8827bfe5503f44fd205a95-wrap avia-button-right '><a href='http:\/\/siegfried-koeln.de\/siegfried\/wp-content\/uploads\/2016\/08\/Giesser-Katalog-2015.pdf'  class='avia-button av-av_button-d1247f297a8827bfe5503f44fd205a95 av-link-btn avia-icon_select-no avia-size-large avia-position-right avia-color-theme-color'   aria-label=\"zum Katalog\"><span class='avia_iconbox_title' >zum Katalog<\/span><\/a><\/div><\/div><\/div>\n<style type=\"text\/css\" data-created_by=\"avia_inline_auto\" id=\"style-css-av-av_one_half-6126cab7d8fab8d08143dd2dacdf673c\">\n.flex_column.av-av_one_half-6126cab7d8fab8d08143dd2dacdf673c{\nborder-radius:0px 0px 0px 0px;\npadding:0px 0px 0px 0px;\n}\n<\/style>\n<div  class='flex_column av-av_one_half-6126cab7d8fab8d08143dd2dacdf673c av_one_half  avia-builder-el-7  el_after_av_one_half  avia-builder-el-last  first flex_column_div av-zero-column-padding  column-top-margin'     ><div  class='av_promobox av-av_promobox-9588fd0014aba222616b0b7cd3bc73bc avia-button-yes  avia-builder-el-8  avia-builder-el-no-sibling '><div class='avia-promocontent'><p>\n<strong>Victorinox \/ SWIBO Messer<br \/>\n<\/strong><\/p>\n<\/div><div  class='avia-button-wrap av-av_button-898f9ab94089ce0650f90d159d6dcab6-wrap avia-button-right '><a href='http:\/\/siegfried-koeln.de\/siegfried\/wp-content\/uploads\/2016\/08\/Victorinox-Katalog-2015.pdf'  class='avia-button av-av_button-898f9ab94089ce0650f90d159d6dcab6 av-link-btn avia-icon_select-no avia-size-large avia-position-right avia-color-theme-color'   aria-label=\"zum Katalog\"><span class='avia_iconbox_title' >zum Katalog<\/span><\/a><\/div><\/div><\/div><\/p>\n","protected":false},"excerpt":{"rendered":"","protected":false},"author":2,"featured_media":0,"parent":0,"menu_order":0,"comment_status":"closed","ping_status":"closed","template":"","meta":{"footnotes":""},"class_list":["post-205","page","type-page","status-publish","hentry"],"_links":{"self":[{"href":"https:\/\/siegfried-koeln.de\/index.php\/wp-json\/wp\/v2\/pages\/205","targetHints":{"allow":["GET"]}}],"collection":[{"href":"https:\/\/siegfried-koeln.de\/index.php\/wp-json\/wp\/v2\/pages"}],"about":[{"href":"https:\/\/siegfried-koeln.de\/index.php\/wp-json\/wp\/v2\/types\/page"}],"author":[{"embeddable":true,"href":"https:\/\/siegfried-koeln.de\/index.php\/wp-json\/wp\/v2\/users\/2"}],"replies":[{"embeddable":true,"href":"https:\/\/siegfried-koeln.de\/index.php\/wp-json\/wp\/v2\/comments?post=205"}],"version-history":[{"count":7,"href":"https:\/\/siegfried-koeln.de\/index.php\/wp-json\/wp\/v2\/pages\/205\/revisions"}],"predecessor-version":[{"id":294,"href":"https:\/\/siegfried-koeln.de\/index.php\/wp-json\/wp\/v2\/pages\/205\/revisions\/294"}],"wp:attachment":[{"href":"https:\/\/siegfried-koeln.de\/index.php\/wp-json\/wp\/v2\/media?parent=205"}],"curies":[{"name":"wp","href":"https:\/\/api.w.org\/{rel}","templated":true}]}}