{"id":258,"date":"2016-08-24T12:27:40","date_gmt":"2016-08-24T10:27:40","guid":{"rendered":"http:\/\/w0178a3d.kasserver.com\/siegfried-koeln.de\/?page_id=258"},"modified":"2016-10-17T11:52:53","modified_gmt":"2016-10-17T09:52:53","slug":"gebrauchtmaschinen-5","status":"publish","type":"page","link":"https:\/\/siegfried-koeln.de\/index.php\/gebrauchtmaschinen-5\/","title":{"rendered":"Kunstd\u00e4rme"},"content":{"rendered":"\n<style type=\"text\/css\" data-created_by=\"avia_inline_auto\" id=\"style-css-av-av_one_full-6126cab7d8fab8d08143dd2dacdf673c\">\n.flex_column.av-av_one_full-6126cab7d8fab8d08143dd2dacdf673c{\nborder-radius:0px 0px 0px 0px;\npadding:0px 0px 0px 0px;\n}\n<\/style>\n<div  class='flex_column av-av_one_full-6126cab7d8fab8d08143dd2dacdf673c av_one_full  avia-builder-el-0  el_before_av_one_half  avia-builder-el-first  first flex_column_div av-zero-column-padding  '     ><p>\n<style type=\"text\/css\" data-created_by=\"avia_inline_auto\" id=\"style-css-av-av_heading-b24287e392a55a8810f8bf65d2284220\">\n#top .av-special-heading.av-av_heading-b24287e392a55a8810f8bf65d2284220{\npadding-bottom:0;\n}\nbody .av-special-heading.av-av_heading-b24287e392a55a8810f8bf65d2284220 .av-special-heading-tag .heading-char{\nfont-size:25px;\n}\n.av-special-heading.av-av_heading-b24287e392a55a8810f8bf65d2284220 .av-subheading{\nfont-size:15px;\n}\n<\/style>\n<div  class='av-special-heading av-av_heading-b24287e392a55a8810f8bf65d2284220 av-special-heading-h1 blockquote modern-quote modern-centered  avia-builder-el-1  el_before_av_hr  avia-builder-el-first '><h1 class='av-special-heading-tag '  itemprop=\"headline\"  >Kunstd\u00e4rme<\/h1><div class='av-subheading av-subheading_below'><p>Nachstehend pr\u00e4sentieren wir ihnen die Sortimente unserer Partner im Bereich Kunstd\u00e4rme.<\/p>\n<p>Gerne unterbreiten wir ihnen ihr individuelles Angebot mit attraktiven Rabatten. Schreiben sie uns einfach eine Nachricht \u00fcber unser Kontaktformular oder rufen sie uns an unter 02203\/980070, wir beraten sie gerne.<\/p>\n<p>Um eine schnellstm\u00f6gliche Bearbeitung gew\u00e4hrleisten zu k\u00f6nnen, notieren sie bitte die genaue Artikelbezeichnung und Artikelnummer.<\/p>\n<\/div><div class=\"special-heading-border\"><div class=\"special-heading-inner-border\"><\/div><\/div><\/div><br \/>\n<div  class='hr av-av_hr-03c70ab144ce862e8026e930982042c5 hr-full  avia-builder-el-2  el_after_av_heading  avia-builder-el-last  hr-shadow'><span class='hr-inner '><span class=\"hr-inner-style\"><\/span><\/span><\/div><\/p><\/div>\n\n<style type=\"text\/css\" data-created_by=\"avia_inline_auto\" id=\"style-css-av-av_one_half-6126cab7d8fab8d08143dd2dacdf673c\">\n.flex_column.av-av_one_half-6126cab7d8fab8d08143dd2dacdf673c{\nborder-radius:0px 0px 0px 0px;\npadding:0px 0px 0px 0px;\n}\n<\/style>\n<div  class='flex_column av-av_one_half-6126cab7d8fab8d08143dd2dacdf673c av_one_half  avia-builder-el-3  el_after_av_one_full  el_before_av_one_half  first flex_column_div av-zero-column-padding  column-top-margin'     ><div  class='av_promobox av-av_promobox-8b983f52912d2fbc82b13a614b7f7f4b avia-button-yes  avia-builder-el-4  avia-builder-el-no-sibling '><div class='avia-promocontent'><p>\n<strong>Hukki (Huckfeldt &amp; Thorlichen) \u00a0 \u00a0\u00a0<\/strong><\/p>\n<\/div><div  class='avia-button-wrap av-av_button-33c8ad2c1908f3f7796d711420552e26-wrap avia-button-right '><a href='http:\/\/siegfried-koeln.de\/siegfried\/wp-content\/uploads\/2016\/10\/Hukki-Website.pdf'  class='avia-button av-av_button-33c8ad2c1908f3f7796d711420552e26 av-link-btn avia-icon_select-no avia-size-large avia-position-right avia-color-theme-color'   aria-label=\"Sortiments\u00fcbersicht\"><span class='avia_iconbox_title' >Sortiments\u00fcbersicht<\/span><\/a><\/div><\/div><\/div>\n<style type=\"text\/css\" data-created_by=\"avia_inline_auto\" id=\"style-css-av-av_one_half-0aa7055fe62c3622faec82866afbaeb2\">\n.flex_column.av-av_one_half-0aa7055fe62c3622faec82866afbaeb2{\nborder-radius:0px 0px 0px 0px;\npadding:0px 0px 0px 0px;\n}\n<\/style>\n<div  class='flex_column av-av_one_half-0aa7055fe62c3622faec82866afbaeb2 av_one_half  avia-builder-el-5  el_after_av_one_half  el_before_av_one_half  flex_column_div av-zero-column-padding  column-top-margin'     ><div  class='av_promobox av-av_promobox-377d52617004560cec123e4913e86007 avia-button-yes  avia-builder-el-6  avia-builder-el-no-sibling '><div class='avia-promocontent'><p>\n<strong>Kalle Nalo<br \/>\n<\/strong><\/p>\n<\/div><div  class='avia-button-wrap av-av_button-1e770a9e3ecc7a9a98b4eea9a68bf365-wrap avia-button-right '><a href='http:\/\/siegfried-koeln.de\/siegfried\/wp-content\/uploads\/2016\/08\/Nalo-Katalog-2016.pdf'  class='avia-button av-av_button-1e770a9e3ecc7a9a98b4eea9a68bf365 av-link-btn avia-icon_select-no avia-size-large avia-position-right avia-color-theme-color'   aria-label=\"zum Katalog\"><span class='avia_iconbox_title' >zum Katalog<\/span><\/a><\/div><\/div><\/div><\/p>\n\n<style type=\"text\/css\" data-created_by=\"avia_inline_auto\" id=\"style-css-av-av_one_half-6126cab7d8fab8d08143dd2dacdf673c\">\n.flex_column.av-av_one_half-6126cab7d8fab8d08143dd2dacdf673c{\nborder-radius:0px 0px 0px 0px;\npadding:0px 0px 0px 0px;\n}\n<\/style>\n<div  class='flex_column av-av_one_half-6126cab7d8fab8d08143dd2dacdf673c av_one_half  avia-builder-el-7  el_after_av_one_half  avia-builder-el-last  first flex_column_div av-zero-column-padding  column-top-margin'     ><\/div>\n","protected":false},"excerpt":{"rendered":"","protected":false},"author":2,"featured_media":0,"parent":0,"menu_order":0,"comment_status":"closed","ping_status":"closed","template":"","meta":{"footnotes":""},"class_list":["post-258","page","type-page","status-publish","hentry"],"_links":{"self":[{"href":"https:\/\/siegfried-koeln.de\/index.php\/wp-json\/wp\/v2\/pages\/258","targetHints":{"allow":["GET"]}}],"collection":[{"href":"https:\/\/siegfried-koeln.de\/index.php\/wp-json\/wp\/v2\/pages"}],"about":[{"href":"https:\/\/siegfried-koeln.de\/index.php\/wp-json\/wp\/v2\/types\/page"}],"author":[{"embeddable":true,"href":"https:\/\/siegfried-koeln.de\/index.php\/wp-json\/wp\/v2\/users\/2"}],"replies":[{"embeddable":true,"href":"https:\/\/siegfried-koeln.de\/index.php\/wp-json\/wp\/v2\/comments?post=258"}],"version-history":[{"count":4,"href":"https:\/\/siegfried-koeln.de\/index.php\/wp-json\/wp\/v2\/pages\/258\/revisions"}],"predecessor-version":[{"id":331,"href":"https:\/\/siegfried-koeln.de\/index.php\/wp-json\/wp\/v2\/pages\/258\/revisions\/331"}],"wp:attachment":[{"href":"https:\/\/siegfried-koeln.de\/index.php\/wp-json\/wp\/v2\/media?parent=258"}],"curies":[{"name":"wp","href":"https:\/\/api.w.org\/{rel}","templated":true}]}}