{"id":28,"date":"2016-07-05T13:36:41","date_gmt":"2016-07-05T11:36:41","guid":{"rendered":"http:\/\/siegfried-koeln.de\/siegfried\/?page_id=28"},"modified":"2017-09-26T09:30:06","modified_gmt":"2017-09-26T07:30:06","slug":"impressum","status":"publish","type":"page","link":"https:\/\/siegfried-koeln.de\/index.php\/impressum\/","title":{"rendered":"Impressum"},"content":{"rendered":"<p><strong>Firma Siegfried GmbH<\/strong><\/p>\n<p>Adresse:<br \/>\nWelserstr. 8 \/ Halle 1<br \/>\n51149 K\u00f6ln<br \/>\nDeutschland<\/p>\n<p>Telefon: 02203 98007-0<br \/>\nFax:02203 98007-19<\/p>\n<p>Information:<br \/>\nGesch\u00e4ftsf\u00fchrer\/Gesellschafter:<br \/>\nHorst Siegfried<\/p>\n<p>Bankverbindung:<br \/>\nKontoinhaber: Siegfried GmbH<br \/>\n<span class=\"s2\">IBAN: DE72370502990138006934<br \/>\n<\/span><span class=\"s5\">BIC: COKSDE33<\/span><br \/>\nInstitut: Kreissparkasse K\u00f6ln<\/p>\n<p>Eintragungen:<br \/>\nHandelregister B des Amtsgerichts K\u00f6ln: HRB 12581<\/p>\n<p>UstID: DE122797785<\/p>\n","protected":false},"excerpt":{"rendered":"<p>Firma Siegfried GmbH Adresse: Welserstr. 8 \/ Halle 1 51149 K\u00f6ln Deutschland Telefon: 02203 98007-0 Fax:02203 98007-19 Information: Gesch\u00e4ftsf\u00fchrer\/Gesellschafter: Horst Siegfried Bankverbindung: Kontoinhaber: Siegfried GmbH IBAN: DE72370502990138006934 BIC: COKSDE33 Institut: Kreissparkasse K\u00f6ln Eintragungen: Handelregister B des Amtsgerichts K\u00f6ln: HRB 12581 UstID: DE122797785<\/p>\n","protected":false},"author":1,"featured_media":0,"parent":0,"menu_order":0,"comment_status":"closed","ping_status":"closed","template":"","meta":{"footnotes":""},"class_list":["post-28","page","type-page","status-publish","hentry"],"_links":{"self":[{"href":"https:\/\/siegfried-koeln.de\/index.php\/wp-json\/wp\/v2\/pages\/28","targetHints":{"allow":["GET"]}}],"collection":[{"href":"https:\/\/siegfried-koeln.de\/index.php\/wp-json\/wp\/v2\/pages"}],"about":[{"href":"https:\/\/siegfried-koeln.de\/index.php\/wp-json\/wp\/v2\/types\/page"}],"author":[{"embeddable":true,"href":"https:\/\/siegfried-koeln.de\/index.php\/wp-json\/wp\/v2\/users\/1"}],"replies":[{"embeddable":true,"href":"https:\/\/siegfried-koeln.de\/index.php\/wp-json\/wp\/v2\/comments?post=28"}],"version-history":[{"count":5,"href":"https:\/\/siegfried-koeln.de\/index.php\/wp-json\/wp\/v2\/pages\/28\/revisions"}],"predecessor-version":[{"id":443,"href":"https:\/\/siegfried-koeln.de\/index.php\/wp-json\/wp\/v2\/pages\/28\/revisions\/443"}],"wp:attachment":[{"href":"https:\/\/siegfried-koeln.de\/index.php\/wp-json\/wp\/v2\/media?parent=28"}],"curies":[{"name":"wp","href":"https:\/\/api.w.org\/{rel}","templated":true}]}}