{"id":81,"date":"2016-07-20T11:53:56","date_gmt":"2016-07-20T09:53:56","guid":{"rendered":"http:\/\/w0178a3d.kasserver.com\/siegfried-koeln.de\/?page_id=81"},"modified":"2020-12-14T11:09:55","modified_gmt":"2020-12-14T10:09:55","slug":"gebrauchtmaschinen-2-2","status":"publish","type":"page","link":"https:\/\/siegfried-koeln.de\/index.php\/gebrauchtmaschinen-2-2\/","title":{"rendered":"Gebrauchtmaschinen"},"content":{"rendered":"\n<style type=\"text\/css\" data-created_by=\"avia_inline_auto\" id=\"style-css-av-av_one_full-6126cab7d8fab8d08143dd2dacdf673c\">\n.flex_column.av-av_one_full-6126cab7d8fab8d08143dd2dacdf673c{\nborder-radius:0px 0px 0px 0px;\npadding:0px 0px 0px 0px;\n}\n<\/style>\n<div  class='flex_column av-av_one_full-6126cab7d8fab8d08143dd2dacdf673c av_one_full  avia-builder-el-0  avia-builder-el-no-sibling  first flex_column_div av-zero-column-padding  '     ><p>\n<style type=\"text\/css\" data-created_by=\"avia_inline_auto\" id=\"style-css-av-av_heading-a34589fa600395263bf17ec22d50e0c9\">\n#top .av-special-heading.av-av_heading-a34589fa600395263bf17ec22d50e0c9{\npadding-bottom:0;\n}\nbody .av-special-heading.av-av_heading-a34589fa600395263bf17ec22d50e0c9 .av-special-heading-tag .heading-char{\nfont-size:25px;\n}\n.av-special-heading.av-av_heading-a34589fa600395263bf17ec22d50e0c9 .av-subheading{\nfont-size:15px;\n}\n<\/style>\n<div  class='av-special-heading av-av_heading-a34589fa600395263bf17ec22d50e0c9 av-special-heading-h1 blockquote modern-quote modern-centered  avia-builder-el-1  el_before_av_hr  avia-builder-el-first '><h1 class='av-special-heading-tag '  itemprop=\"headline\"  >Gebrauchtmaschinen<\/h1><div class='av-subheading av-subheading_below'><p>Nachstehend pr\u00e4sentieren wir ihnen die in unserem Lager befindlichen Gebrauchtmaschinen.<\/p>\n<p>Alle Maschinen sind in unserer hauseigenen Werkstatt \u00fcberpr\u00fcft worden und sind in fuktionsf\u00e4higem Zustand.<\/p>\n<p>Bei R\u00fcckfragen schreiben sie uns einfach eine Nachricht \u00fcber unser Kontaktformular oder rufen sie uns an unter 02203\/980070, wir beraten sie gerne.<\/p>\n<\/div><div class=\"special-heading-border\"><div class=\"special-heading-inner-border\"><\/div><\/div><\/div><br \/>\n<div  class='hr av-av_hr-03c70ab144ce862e8026e930982042c5 hr-full  avia-builder-el-2  el_after_av_heading  avia-builder-el-last  hr-shadow'><span class='hr-inner '><span class=\"hr-inner-style\"><\/span><\/span><\/div><\/p><\/div>\n","protected":false},"excerpt":{"rendered":"","protected":false},"author":1,"featured_media":0,"parent":0,"menu_order":0,"comment_status":"closed","ping_status":"closed","template":"","meta":{"footnotes":""},"class_list":["post-81","page","type-page","status-publish","hentry"],"_links":{"self":[{"href":"https:\/\/siegfried-koeln.de\/index.php\/wp-json\/wp\/v2\/pages\/81","targetHints":{"allow":["GET"]}}],"collection":[{"href":"https:\/\/siegfried-koeln.de\/index.php\/wp-json\/wp\/v2\/pages"}],"about":[{"href":"https:\/\/siegfried-koeln.de\/index.php\/wp-json\/wp\/v2\/types\/page"}],"author":[{"embeddable":true,"href":"https:\/\/siegfried-koeln.de\/index.php\/wp-json\/wp\/v2\/users\/1"}],"replies":[{"embeddable":true,"href":"https:\/\/siegfried-koeln.de\/index.php\/wp-json\/wp\/v2\/comments?post=81"}],"version-history":[{"count":27,"href":"https:\/\/siegfried-koeln.de\/index.php\/wp-json\/wp\/v2\/pages\/81\/revisions"}],"predecessor-version":[{"id":425,"href":"https:\/\/siegfried-koeln.de\/index.php\/wp-json\/wp\/v2\/pages\/81\/revisions\/425"}],"wp:attachment":[{"href":"https:\/\/siegfried-koeln.de\/index.php\/wp-json\/wp\/v2\/media?parent=81"}],"curies":[{"name":"wp","href":"https:\/\/api.w.org\/{rel}","templated":true}]}}