{"id":84,"date":"2016-07-20T11:57:07","date_gmt":"2016-07-20T09:57:07","guid":{"rendered":"http:\/\/w0178a3d.kasserver.com\/siegfried-koeln.de\/?page_id=84"},"modified":"2020-12-14T12:29:41","modified_gmt":"2020-12-14T11:29:41","slug":"neumaschinen","status":"publish","type":"page","link":"https:\/\/siegfried-koeln.de\/index.php\/neumaschinen\/","title":{"rendered":"Neumaschinen"},"content":{"rendered":"\n<style type=\"text\/css\" data-created_by=\"avia_inline_auto\" id=\"style-css-av-av_one_full-6126cab7d8fab8d08143dd2dacdf673c\">\n.flex_column.av-av_one_full-6126cab7d8fab8d08143dd2dacdf673c{\nborder-radius:0px 0px 0px 0px;\npadding:0px 0px 0px 0px;\n}\n<\/style>\n<div  class='flex_column av-av_one_full-6126cab7d8fab8d08143dd2dacdf673c av_one_full  avia-builder-el-0  el_before_av_one_half  avia-builder-el-first  first flex_column_div av-zero-column-padding  '     ><p>\n<style type=\"text\/css\" data-created_by=\"avia_inline_auto\" id=\"style-css-av-av_heading-b26f98e84e06725b04f89a8edafd1f12\">\n#top .av-special-heading.av-av_heading-b26f98e84e06725b04f89a8edafd1f12{\npadding-bottom:0;\n}\nbody .av-special-heading.av-av_heading-b26f98e84e06725b04f89a8edafd1f12 .av-special-heading-tag .heading-char{\nfont-size:25px;\n}\n.av-special-heading.av-av_heading-b26f98e84e06725b04f89a8edafd1f12 .av-subheading{\nfont-size:15px;\n}\n<\/style>\n<div  class='av-special-heading av-av_heading-b26f98e84e06725b04f89a8edafd1f12 av-special-heading-h1 blockquote modern-quote modern-centered  avia-builder-el-1  el_before_av_hr  avia-builder-el-first '><h1 class='av-special-heading-tag '  itemprop=\"headline\"  >Neumaschinen<\/h1><div class='av-subheading av-subheading_below'><p>Nachstehend pr\u00e4sentieren wir ihnen die Sortimente unserer Partner im Bereich Neumaschinen.<\/p>\n<p>Unter den einzelnen Maschinenarten finden sie bereits interessante vorgefertigte Maschinenangebote.<\/p>\n<p>Alle angegebenen Angebotspreise verstehen sich als Abholpreise ab Lager K\u00f6ln-Gremberghoven (exklusive Lieferung und Inbetriebnahme; sprechen sie uns hierzu gerne an).<\/p>\n<p>Des Weiteren finden sie hier die Kataloge unserer Partner, falls sie sich f\u00fcr andere Maschinen interessieren<\/p>\n<p>Gerne unterbreiten wir ihnen ihr individuelles Angebot mit attraktiven Rabatten. Schreiben sie uns einfach eine Nachricht \u00fcber unser Kontaktformular oder rufen sie uns an unter 02203\/980070, wir beraten sie gerne.<\/p>\n<p>Um eine schnellstm\u00f6gliche Bearbeitung gew\u00e4hrleisten zu k\u00f6nnen, notieren sie bitte die genaue Artikelbezeichnung und Artikelnummer.<\/p>\n<\/div><div class=\"special-heading-border\"><div class=\"special-heading-inner-border\"><\/div><\/div><\/div><br \/>\n<div  class='hr av-av_hr-65856424cbad8c064bc72974be910e19 hr-full  avia-builder-el-2  el_after_av_heading  avia-builder-el-last  hr-shadow'><span class='hr-inner '><span class=\"hr-inner-style\"><\/span><\/span><\/div><\/p><\/div>\n<style type=\"text\/css\" data-created_by=\"avia_inline_auto\" id=\"style-css-av-av_one_half-6126cab7d8fab8d08143dd2dacdf673c\">\n.flex_column.av-av_one_half-6126cab7d8fab8d08143dd2dacdf673c{\nborder-radius:0px 0px 0px 0px;\npadding:0px 0px 0px 0px;\n}\n<\/style>\n<div  class='flex_column av-av_one_half-6126cab7d8fab8d08143dd2dacdf673c av_one_half  avia-builder-el-3  el_after_av_one_full  el_before_av_one_half  first flex_column_div av-zero-column-padding  column-top-margin'     ><div  class='av_promobox av-av_promobox-7b37170af13718604e18103c615d2e77 avia-button-yes  avia-builder-el-4  avia-builder-el-no-sibling '><div class='avia-promocontent'><p>\n<strong>Fleischw\u00f6lfe<\/strong><\/p>\n<\/div><div  class='avia-button-wrap av-av_button-a95f8a5db5b71e12826c9beaacdd4c56-wrap avia-button-right '><a href='http:\/\/siegfried-koeln.de\/siegfried\/wp-content\/uploads\/2016\/07\/Neumaschinenliste-Fleischw\u00f6lfe.pdf'  class='avia-button av-av_button-a95f8a5db5b71e12826c9beaacdd4c56 av-link-btn avia-icon_select-no avia-size-large avia-position-right avia-color-theme-color'  target=\"_blank\"  rel=\"noopener noreferrer\"  aria-label=\"aktuelle Angebote\"><span class='avia_iconbox_title' >aktuelle Angebote<\/span><\/a><\/div><\/div><\/div>\n<style type=\"text\/css\" data-created_by=\"avia_inline_auto\" id=\"style-css-av-av_one_half-0aa7055fe62c3622faec82866afbaeb2\">\n.flex_column.av-av_one_half-0aa7055fe62c3622faec82866afbaeb2{\nborder-radius:0px 0px 0px 0px;\npadding:0px 0px 0px 0px;\n}\n<\/style>\n<div  class='flex_column av-av_one_half-0aa7055fe62c3622faec82866afbaeb2 av_one_half  avia-builder-el-5  el_after_av_one_half  el_before_av_one_half  flex_column_div av-zero-column-padding  column-top-margin'     ><div  class='av_promobox av-av_promobox-40c1ce25aaaac3857e578091a7b38b3f avia-button-yes  avia-builder-el-6  avia-builder-el-no-sibling '><div class='avia-promocontent'><p>\n<strong>F\u00fcllmaschinen<\/strong><\/p>\n<\/div><div  class='avia-button-wrap av-av_button-12d68919389eaff75c8c40aaaa1a3490-wrap avia-button-right '><a href='http:\/\/siegfried-koeln.de\/siegfried\/wp-content\/uploads\/2016\/07\/Neumaschinenliste-F\u00fcllmaschine-12_20.pdf'  class='avia-button av-av_button-12d68919389eaff75c8c40aaaa1a3490 av-link-btn avia-icon_select-no avia-size-large avia-position-right avia-color-theme-color'  target=\"_blank\"  rel=\"noopener noreferrer\"  aria-label=\"aktuelle Angebote\"><span class='avia_iconbox_title' >aktuelle Angebote<\/span><\/a><\/div><\/div><\/div>\n<style type=\"text\/css\" data-created_by=\"avia_inline_auto\" id=\"style-css-av-av_one_half-6126cab7d8fab8d08143dd2dacdf673c\">\n.flex_column.av-av_one_half-6126cab7d8fab8d08143dd2dacdf673c{\nborder-radius:0px 0px 0px 0px;\npadding:0px 0px 0px 0px;\n}\n<\/style>\n<div  class='flex_column av-av_one_half-6126cab7d8fab8d08143dd2dacdf673c av_one_half  avia-builder-el-7  el_after_av_one_half  el_before_av_one_half  first flex_column_div av-zero-column-padding  column-top-margin'     ><div  class='av_promobox av-av_promobox-f3358c7b118003c143d066fdc28906fa avia-button-yes  avia-builder-el-8  avia-builder-el-no-sibling '><div class='avia-promocontent'><p>\n<strong>Knochenbands\u00e4gen<\/strong><\/p>\n<\/div><div  class='avia-button-wrap av-av_button-896424b09425297c1734d06dff38595a-wrap avia-button-right '><a href='http:\/\/siegfried-koeln.de\/siegfried\/wp-content\/uploads\/2016\/07\/Neumaschinenliste-Knochenbands\u00e4ge-12_20.pdf'  class='avia-button av-av_button-896424b09425297c1734d06dff38595a av-link-btn avia-icon_select-no avia-size-large avia-position-right avia-color-theme-color'  target=\"_blank\"  rel=\"noopener noreferrer\"  aria-label=\"aktuelle Angebote\"><span class='avia_iconbox_title' >aktuelle Angebote<\/span><\/a><\/div><\/div><\/div>\n<style type=\"text\/css\" data-created_by=\"avia_inline_auto\" id=\"style-css-av-av_one_half-0aa7055fe62c3622faec82866afbaeb2\">\n.flex_column.av-av_one_half-0aa7055fe62c3622faec82866afbaeb2{\nborder-radius:0px 0px 0px 0px;\npadding:0px 0px 0px 0px;\n}\n<\/style>\n<div  class='flex_column av-av_one_half-0aa7055fe62c3622faec82866afbaeb2 av_one_half  avia-builder-el-9  el_after_av_one_half  el_before_av_one_half  flex_column_div av-zero-column-padding  column-top-margin'     ><div  class='av_promobox av-av_promobox-765092bd3520bf370d706590bd63d199 avia-button-yes  avia-builder-el-10  avia-builder-el-no-sibling '><div class='avia-promocontent'><p>\n<strong>Kombid\u00e4mpfer <\/strong><\/p>\n<p>passend dazu <a href=\"http:\/\/siegfried-koeln.de\/siegfried\/wp-content\/uploads\/2016\/08\/Rational-Zubeh%C3%B6r.pdf\">Rational Zubeh\u00f6r<\/a><strong><br \/>\n<\/strong><\/p>\n<\/div><div  class='avia-button-wrap av-av_button-3b05d8900bd407a937c84b87c63bfc1c-wrap avia-button-right '><a href='http:\/\/siegfried-koeln.de\/siegfried\/wp-content\/uploads\/2016\/07\/Neumaschinenliste-Rational-12_20.pdf'  class='avia-button av-av_button-3b05d8900bd407a937c84b87c63bfc1c av-link-btn avia-icon_select-no avia-size-large avia-position-right avia-color-theme-color'  target=\"_blank\"  rel=\"noopener noreferrer\"  aria-label=\"aktuelle Angebote\"><span class='avia_iconbox_title' >aktuelle Angebote<\/span><\/a><\/div><\/div><\/div>\n<style type=\"text\/css\" data-created_by=\"avia_inline_auto\" id=\"style-css-av-av_one_half-6126cab7d8fab8d08143dd2dacdf673c\">\n.flex_column.av-av_one_half-6126cab7d8fab8d08143dd2dacdf673c{\nborder-radius:0px 0px 0px 0px;\npadding:0px 0px 0px 0px;\n}\n<\/style>\n<div  class='flex_column av-av_one_half-6126cab7d8fab8d08143dd2dacdf673c av_one_half  avia-builder-el-11  el_after_av_one_half  el_before_av_one_half  first flex_column_div av-zero-column-padding  column-top-margin'     ><div  class='av_promobox av-av_promobox-53cf641f914d85a2f4458e66b1325a10 avia-button-yes  avia-builder-el-12  avia-builder-el-no-sibling '><div class='avia-promocontent'><p>\n<strong>Kutter<\/strong><\/p>\n<\/div><div  class='avia-button-wrap av-av_button-9ae85d8a26781b06eec07f2d44690e25-wrap avia-button-right '><a href='http:\/\/siegfried-koeln.de\/siegfried\/wp-content\/uploads\/2016\/07\/Neumaschinenliste-Kutter-12_20.pdf'  class='avia-button av-av_button-9ae85d8a26781b06eec07f2d44690e25 av-link-btn avia-icon_select-no avia-size-large avia-position-right avia-color-theme-color'  target=\"_blank\"  rel=\"noopener noreferrer\"  aria-label=\"aktuelle Angebote\"><span class='avia_iconbox_title' >aktuelle Angebote<\/span><\/a><\/div><\/div><\/div>\n<style type=\"text\/css\" data-created_by=\"avia_inline_auto\" id=\"style-css-av-av_one_half-0aa7055fe62c3622faec82866afbaeb2\">\n.flex_column.av-av_one_half-0aa7055fe62c3622faec82866afbaeb2{\nborder-radius:0px 0px 0px 0px;\npadding:0px 0px 0px 0px;\n}\n<\/style>\n<div  class='flex_column av-av_one_half-0aa7055fe62c3622faec82866afbaeb2 av_one_half  avia-builder-el-13  el_after_av_one_half  el_before_av_one_half  flex_column_div av-zero-column-padding  column-top-margin'     ><div  class='av_promobox av-av_promobox-e1b2665894074c23d4a54cb0470f6ffc avia-button-yes  avia-builder-el-14  avia-builder-el-no-sibling '><div class='avia-promocontent'><p>\n<strong>Vakuummaschinen<\/strong><\/p>\n<\/div><div  class='avia-button-wrap av-av_button-06d142229a10a33ab881af3490551121-wrap avia-button-right '><a href='http:\/\/siegfried-koeln.de\/siegfried\/wp-content\/uploads\/2016\/07\/Neumaschinenliste-Vakuummaschine-12_20.pdf'  class='avia-button av-av_button-06d142229a10a33ab881af3490551121 av-link-btn avia-icon_select-no avia-size-large avia-position-right avia-color-theme-color'  target=\"_blank\"  rel=\"noopener noreferrer\"  aria-label=\"aktuelle Angebote\"><span class='avia_iconbox_title' >aktuelle Angebote<\/span><\/a><\/div><\/div><\/div>\n<style type=\"text\/css\" data-created_by=\"avia_inline_auto\" id=\"style-css-av-av_one_half-6126cab7d8fab8d08143dd2dacdf673c\">\n.flex_column.av-av_one_half-6126cab7d8fab8d08143dd2dacdf673c{\nborder-radius:0px 0px 0px 0px;\npadding:0px 0px 0px 0px;\n}\n<\/style>\n<div  class='flex_column av-av_one_half-6126cab7d8fab8d08143dd2dacdf673c av_one_half  avia-builder-el-15  el_after_av_one_half  el_before_av_one_half  first flex_column_div av-zero-column-padding  column-top-margin'     ><div  class='av_promobox av-av_promobox-6362a023ae0bb6b555ebb9e8e94b2e26 avia-button-yes  avia-builder-el-16  avia-builder-el-no-sibling '><div class='avia-promocontent'><p>\n<strong>Zerleges\u00e4gen<\/strong><\/p>\n<\/div><div  class='avia-button-wrap av-av_button-8f331966b842661e3506da55dbba30b9-wrap avia-button-right '><a href='http:\/\/siegfried-koeln.de\/siegfried\/wp-content\/uploads\/2016\/07\/Neumaschinenliste-Zerleges\u00e4gen-12_20.pdf'  class='avia-button av-av_button-8f331966b842661e3506da55dbba30b9 av-link-btn avia-icon_select-no avia-size-large avia-position-right avia-color-theme-color'  target=\"_blank\"  rel=\"noopener noreferrer\"  aria-label=\"aktuelle Angebote\"><span class='avia_iconbox_title' >aktuelle Angebote<\/span><\/a><\/div><\/div><\/div>\n<style type=\"text\/css\" data-created_by=\"avia_inline_auto\" id=\"style-css-av-av_one_half-0aa7055fe62c3622faec82866afbaeb2\">\n.flex_column.av-av_one_half-0aa7055fe62c3622faec82866afbaeb2{\nborder-radius:0px 0px 0px 0px;\npadding:0px 0px 0px 0px;\n}\n<\/style>\n<div  class='flex_column av-av_one_half-0aa7055fe62c3622faec82866afbaeb2 av_one_half  avia-builder-el-17  el_after_av_one_half  el_before_av_hr  flex_column_div av-zero-column-padding  column-top-margin'     ><div  class='av_promobox av-av_promobox-1ce2786caf7c30c7276f176ce2a3b2db avia-button-yes  avia-builder-el-18  avia-builder-el-no-sibling '><div class='avia-promocontent'><p>\n<strong>Delitech Maschinensortiment<\/strong><\/p>\n<\/div><div  class='avia-button-wrap av-av_button-116f27dd08e45db9e9e8bc161fc2d542-wrap avia-button-right '><a href='http:\/\/siegfried-koeln.de\/siegfried\/wp-content\/uploads\/2016\/08\/Delitech-Gesamtkatalog-2016.pdf'  class='avia-button av-av_button-116f27dd08e45db9e9e8bc161fc2d542 av-link-btn avia-icon_select-no avia-size-large avia-position-right avia-color-theme-color'  target=\"_blank\"  rel=\"noopener noreferrer\"  aria-label=\"Katalog\"><span class='avia_iconbox_title' >Katalog<\/span><\/a><\/div><\/div><\/div><\/p>\n\n<style type=\"text\/css\" data-created_by=\"avia_inline_auto\" id=\"style-css-av-av_hr-0688d0b0b6ed2f8b057db7a8270206df\">\n#top .hr.hr-invisible.av-av_hr-0688d0b0b6ed2f8b057db7a8270206df{\nheight:50px;\n}\n<\/style>\n<div  class='hr av-av_hr-0688d0b0b6ed2f8b057db7a8270206df hr-invisible  avia-builder-el-19  el_after_av_one_half  avia-builder-el-last '><span class='hr-inner '><span class=\"hr-inner-style\"><\/span><\/span><\/div>\n","protected":false},"excerpt":{"rendered":"","protected":false},"author":1,"featured_media":0,"parent":0,"menu_order":0,"comment_status":"closed","ping_status":"closed","template":"","meta":{"footnotes":""},"class_list":["post-84","page","type-page","status-publish","hentry"],"_links":{"self":[{"href":"https:\/\/siegfried-koeln.de\/index.php\/wp-json\/wp\/v2\/pages\/84","targetHints":{"allow":["GET"]}}],"collection":[{"href":"https:\/\/siegfried-koeln.de\/index.php\/wp-json\/wp\/v2\/pages"}],"about":[{"href":"https:\/\/siegfried-koeln.de\/index.php\/wp-json\/wp\/v2\/types\/page"}],"author":[{"embeddable":true,"href":"https:\/\/siegfried-koeln.de\/index.php\/wp-json\/wp\/v2\/users\/1"}],"replies":[{"embeddable":true,"href":"https:\/\/siegfried-koeln.de\/index.php\/wp-json\/wp\/v2\/comments?post=84"}],"version-history":[{"count":37,"href":"https:\/\/siegfried-koeln.de\/index.php\/wp-json\/wp\/v2\/pages\/84\/revisions"}],"predecessor-version":[{"id":427,"href":"https:\/\/siegfried-koeln.de\/index.php\/wp-json\/wp\/v2\/pages\/84\/revisions\/427"}],"wp:attachment":[{"href":"https:\/\/siegfried-koeln.de\/index.php\/wp-json\/wp\/v2\/media?parent=84"}],"curies":[{"name":"wp","href":"https:\/\/api.w.org\/{rel}","templated":true}]}}